{"id":808,"date":"2020-06-15T16:04:24","date_gmt":"2020-06-15T16:04:24","guid":{"rendered":"http:\/\/hotel-castelbrando.ms.decms.eu\/?page_id=808"},"modified":"2020-06-15T16:04:24","modified_gmt":"2020-06-15T16:04:24","slug":"privacy","status":"publish","type":"page","link":"https:\/\/www.castelbrando.it\/en\/privacy\/","title":{"rendered":"Privacy"},"content":{"rendered":"<p>Informazioni ai sensi dell&#8217;art. 14 GDPR sui dati personali<\/p>\n<p>&nbsp;<\/p>\n<p>ai sensi dell&#8217;art. 14 GDPR (regolamento UE 2016\/679), si forniscono, in coerenza del principio di trasparenza, le seguenti informazioni al fine di rendere consapevole l&#8217;utente delle caratteristiche e modalit\u00e0 del trattamento dei dati:<\/p>\n<ol>\n<li>a) Identit\u00e0 e dati di contatto<\/li>\n<\/ol>\n<p>Si informa che il &#8220;titolare&#8221; del trattamento \u00e8: Veniceland s.r.l.<\/p>\n<p>Legale rappresentante: Ivana Casagrande<\/p>\n<p>Sede: via Brandolini, 29 &#8211; Cison di Valmarino &#8211; 31053<\/p>\n<p>Si riportano i seguenti dati di contatto:<\/p>\n<p>telefono: 04389761; indirizzo mail: info@castelbrando.it<\/p>\n<p>casella di posta elettronica certificata (Pec): veniceland@legalmail.it<\/p>\n<p>Si informa che l&#8217;azienda non \u00e8 obbligata alla designazione, ai sensi dell&#8217;art. 37 GDPR, del responsabile del trattamento dei dati personali (Data protection officer &#8211; DPO).<\/p>\n<ol>\n<li>b) Finalit\u00e0 del trattamento e base giuridica<\/li>\n<\/ol>\n<p>I trattamenti dei dati personali richiesti all&#8217;interessato sono effettuati per finalit\u00e0 di marketing e vendita con le attivit\u00e0 correlate.<\/p>\n<ol>\n<li>c) Le categorie di dati<\/li>\n<\/ol>\n<p>La nostra azienda effettua operazioni di trattamento dei dati sulle seguenti categorie di dati: PERSONALI con esclusione di quelli dell\u2019art. 9 del GDPR<\/p>\n<ol>\n<li>d) Destinatari ed eventuali categorie di destinatari dei dati personali<\/li>\n<\/ol>\n<p>I dati sono trattati all&#8217;interno dell&#8217;ente da soggetti autorizzati del trattamento dei dati sotto la responsabilit\u00e0 del Titolare per le finalit\u00e0 sopra riportate.<\/p>\n<p>I dati potranno essere comunicati a Responsabili del trattamento esterni che hanno stipulato specifici accordi, convenzioni o protocolli di intese, contratti con il titolare del trattamento (Studio Paghe, Commercialista, RSPP).<\/p>\n<ol>\n<li>e) Trasferimento dati a paese terzo<\/li>\n<\/ol>\n<p>Il Titolare non trasferir\u00e0 di dati presso un paese terzo o ad un&#8217;organizzazione internazionale<\/p>\n<ol>\n<li>f) Periodo di conservazione dei dati<\/li>\n<\/ol>\n<p>I dati sono conservati per il periodo necessario per il raggiungimento delle finalit\u00e0 per le quali sono stati raccolti i dati; tale tempo di conservazione deriva dall&#8217;esigenza di utilizzare i dati in modo congruo.<\/p>\n<ol>\n<li>g) Diritti sui dati<\/li>\n<\/ol>\n<p>Si precisa che, in riferimento ai Suoi dati personali, pu\u00f2 esercitare i seguenti diritti:<\/p>\n<ol>\n<li>diritto di accesso ai suoi dati personali; diritto di ottenere la rettifica o la cancellazione degli stessi o la limitazione del trattamento che lo riguardano;<\/li>\n<li>diritto di opporsi al trattamento;<\/li>\n<li>diritto alla portabilit\u00e0 dei dati (diritto applicabile ai soli dati in formato elettronico), cos\u00ec come disciplinato dall&#8217;art. 20 GDPR (Regolamento UE 2016\/679);<\/li>\n<\/ol>\n<p>Si informa che poich\u00e9 il trattamento dei dati \u00e8 basato sull&#8217;articolo 6, paragrafo 1, lettera a), oppure sull&#8217;articolo 9, paragrafo 2, lettera a) GDPR (regolamento UE 2016\/679) Lei ha diritto di revocare il consenso in qualsiasi momento senza pregiudicare la liceit\u00e0 del trattamento basata sul consenso prima della revoca.<\/p>\n<p>In merito alle modalit\u00e0 di esercizio dei sopracitati diritti, l&#8217;interessato pu\u00f2 scrivere al seguente indirizzo mail: info@castelbrando.it<\/p>\n<ol>\n<li>h) Reclamo<\/li>\n<\/ol>\n<p>Si informa l&#8217;interessato che ha diritto di proporre reclamo all&#8217;autorit\u00e0 di controllo e pu\u00f2 rivolgersi al Garante Privacy con le forme e le modalit\u00e0 stabilite dalla legge.<\/p>\n<ol>\n<li>i) Fonte<\/li>\n<\/ol>\n<p>Si informa che i dati personali sono stati tratti dalla fonte di cui al punto b.<\/p>\n<ol>\n<li>l) Finalit\u00e0 diversa del trattamento<\/li>\n<\/ol>\n<p>Nel caso in cui il nostro ente intenda trattare ulteriormente i dati personali per una finalit\u00e0 diversa da quella per cui essi sono stati raccolti, prima di tale ulteriore trattamento, sar\u00e0 nostra cura fornirLe informazioni in merito a tale diversa finalit\u00e0 e ogni ulteriore informazione pertinente.<\/p>\n<ol>\n<li>m) Profilazione<\/li>\n<\/ol>\n<p>Il titolare non utilizza processi automatizzati finalizzati alla profilazione.<\/p>\n<p>&nbsp;<\/p>\n<p>Veniceland s.r.l.<\/p>\n","protected":false},"excerpt":{"rendered":"<p>Informazioni ai sensi dell&#8217;art. 14 GDPR sui dati personali &nbsp; ai sensi dell&#8217;art. 14 GDPR (regolamento UE 2016\/679), si forniscono, in coerenza del principio di trasparenza, le seguenti informazioni al fine di rendere consapevole l&#8217;utente delle caratteristiche e modalit\u00e0 del trattamento dei dati: a) Identit\u00e0 e dati di contatto Si informa che il &#8220;titolare&#8221; del [&hellip;]<\/p>\n","protected":false},"author":13,"featured_media":0,"parent":0,"menu_order":180,"comment_status":"closed","ping_status":"closed","template":"","meta":{"footnotes":""},"class_list":["post-808","page","type-page","status-publish","hentry"],"yoast_head":"<!-- This site is optimized with the Yoast SEO plugin v26.9 - https:\/\/yoast.com\/product\/yoast-seo-wordpress\/ -->\n<title>Privacy - Hotel Castelbrando<\/title>\n<meta name=\"robots\" content=\"index, follow, max-snippet:-1, max-image-preview:large, max-video-preview:-1\" \/>\n<link rel=\"canonical\" href=\"https:\/\/www.castelbrando.it\/en\/privacy\/\" \/>\n<meta property=\"og:locale\" content=\"en_US\" \/>\n<meta property=\"og:type\" content=\"article\" \/>\n<meta property=\"og:title\" content=\"Privacy - Hotel Castelbrando\" \/>\n<meta property=\"og:description\" content=\"Informazioni ai sensi dell&#8217;art. 14 GDPR sui dati personali &nbsp; ai sensi dell&#8217;art. 14 GDPR (regolamento UE 2016\/679), si forniscono, in coerenza del principio di trasparenza, le seguenti informazioni al fine di rendere consapevole l&#8217;utente delle caratteristiche e modalit\u00e0 del trattamento dei dati: a) Identit\u00e0 e dati di contatto Si informa che il &#8220;titolare&#8221; del [&hellip;]\" \/>\n<meta property=\"og:url\" content=\"https:\/\/www.castelbrando.it\/en\/privacy\/\" \/>\n<meta property=\"og:site_name\" content=\"Hotel Castelbrando\" \/>\n<meta name=\"twitter:card\" content=\"summary_large_image\" \/>\n<meta name=\"twitter:label1\" content=\"Est. reading time\" \/>\n\t<meta name=\"twitter:data1\" content=\"3 minutes\" \/>\n<script type=\"application\/ld+json\" class=\"yoast-schema-graph\">{\"@context\":\"https:\/\/schema.org\",\"@graph\":[{\"@type\":\"WebPage\",\"@id\":\"https:\/\/www.castelbrando.it\/en\/privacy\/\",\"url\":\"https:\/\/www.castelbrando.it\/en\/privacy\/\",\"name\":\"Privacy - Hotel Castelbrando\",\"isPartOf\":{\"@id\":\"https:\/\/www.castelbrando.it\/en\/#website\"},\"datePublished\":\"2020-06-15T16:04:24+00:00\",\"breadcrumb\":{\"@id\":\"https:\/\/www.castelbrando.it\/en\/privacy\/#breadcrumb\"},\"inLanguage\":\"en-US\",\"potentialAction\":[{\"@type\":\"ReadAction\",\"target\":[\"https:\/\/www.castelbrando.it\/en\/privacy\/\"]}]},{\"@type\":\"BreadcrumbList\",\"@id\":\"https:\/\/www.castelbrando.it\/en\/privacy\/#breadcrumb\",\"itemListElement\":[{\"@type\":\"ListItem\",\"position\":1,\"name\":\"Home\",\"item\":\"https:\/\/www.castelbrando.it\/en\/\"},{\"@type\":\"ListItem\",\"position\":2,\"name\":\"Privacy\"}]},{\"@type\":\"WebSite\",\"@id\":\"https:\/\/www.castelbrando.it\/en\/#website\",\"url\":\"https:\/\/www.castelbrando.it\/en\/\",\"name\":\"Hotel Castelbrando\",\"description\":\"Just another ms.decms.eu site\",\"potentialAction\":[{\"@type\":\"SearchAction\",\"target\":{\"@type\":\"EntryPoint\",\"urlTemplate\":\"https:\/\/www.castelbrando.it\/en\/?s={search_term_string}\"},\"query-input\":{\"@type\":\"PropertyValueSpecification\",\"valueRequired\":true,\"valueName\":\"search_term_string\"}}],\"inLanguage\":\"en-US\"}]}<\/script>\n<!-- \/ Yoast SEO plugin. -->","yoast_head_json":{"title":"Privacy - Hotel Castelbrando","robots":{"index":"index","follow":"follow","max-snippet":"max-snippet:-1","max-image-preview":"max-image-preview:large","max-video-preview":"max-video-preview:-1"},"canonical":"https:\/\/www.castelbrando.it\/en\/privacy\/","og_locale":"en_US","og_type":"article","og_title":"Privacy - Hotel Castelbrando","og_description":"Informazioni ai sensi dell&#8217;art. 14 GDPR sui dati personali &nbsp; ai sensi dell&#8217;art. 14 GDPR (regolamento UE 2016\/679), si forniscono, in coerenza del principio di trasparenza, le seguenti informazioni al fine di rendere consapevole l&#8217;utente delle caratteristiche e modalit\u00e0 del trattamento dei dati: a) Identit\u00e0 e dati di contatto Si informa che il &#8220;titolare&#8221; del [&hellip;]","og_url":"https:\/\/www.castelbrando.it\/en\/privacy\/","og_site_name":"Hotel Castelbrando","twitter_card":"summary_large_image","twitter_misc":{"Est. reading time":"3 minutes"},"schema":{"@context":"https:\/\/schema.org","@graph":[{"@type":"WebPage","@id":"https:\/\/www.castelbrando.it\/en\/privacy\/","url":"https:\/\/www.castelbrando.it\/en\/privacy\/","name":"Privacy - Hotel Castelbrando","isPartOf":{"@id":"https:\/\/www.castelbrando.it\/en\/#website"},"datePublished":"2020-06-15T16:04:24+00:00","breadcrumb":{"@id":"https:\/\/www.castelbrando.it\/en\/privacy\/#breadcrumb"},"inLanguage":"en-US","potentialAction":[{"@type":"ReadAction","target":["https:\/\/www.castelbrando.it\/en\/privacy\/"]}]},{"@type":"BreadcrumbList","@id":"https:\/\/www.castelbrando.it\/en\/privacy\/#breadcrumb","itemListElement":[{"@type":"ListItem","position":1,"name":"Home","item":"https:\/\/www.castelbrando.it\/en\/"},{"@type":"ListItem","position":2,"name":"Privacy"}]},{"@type":"WebSite","@id":"https:\/\/www.castelbrando.it\/en\/#website","url":"https:\/\/www.castelbrando.it\/en\/","name":"Hotel Castelbrando","description":"Just another ms.decms.eu site","potentialAction":[{"@type":"SearchAction","target":{"@type":"EntryPoint","urlTemplate":"https:\/\/www.castelbrando.it\/en\/?s={search_term_string}"},"query-input":{"@type":"PropertyValueSpecification","valueRequired":true,"valueName":"search_term_string"}}],"inLanguage":"en-US"}]}},"acf":[],"_links":{"self":[{"href":"https:\/\/www.castelbrando.it\/en\/wp-json\/wp\/v2\/pages\/808","targetHints":{"allow":["GET"]}}],"collection":[{"href":"https:\/\/www.castelbrando.it\/en\/wp-json\/wp\/v2\/pages"}],"about":[{"href":"https:\/\/www.castelbrando.it\/en\/wp-json\/wp\/v2\/types\/page"}],"author":[{"embeddable":true,"href":"https:\/\/www.castelbrando.it\/en\/wp-json\/wp\/v2\/users\/13"}],"replies":[{"embeddable":true,"href":"https:\/\/www.castelbrando.it\/en\/wp-json\/wp\/v2\/comments?post=808"}],"version-history":[{"count":0,"href":"https:\/\/www.castelbrando.it\/en\/wp-json\/wp\/v2\/pages\/808\/revisions"}],"wp:attachment":[{"href":"https:\/\/www.castelbrando.it\/en\/wp-json\/wp\/v2\/media?parent=808"}],"curies":[{"name":"wp","href":"https:\/\/api.w.org\/{rel}","templated":true}]}}